{"id":1447,"date":"2024-12-04T14:03:58","date_gmt":"2024-12-04T14:03:58","guid":{"rendered":"https:\/\/ahulrestaurante.com\/festive-menu\/"},"modified":"2024-12-04T15:25:12","modified_gmt":"2024-12-04T15:25:12","slug":"festive-menu","status":"publish","type":"page","link":"https:\/\/ahulrestaurante.com\/es\/festive-menu\/","title":{"rendered":"Festive Menu"},"content":{"rendered":"\t\t<div data-elementor-type=\"wp-page\" data-elementor-id=\"1447\" class=\"elementor elementor-1447 elementor-1394\" data-elementor-post-type=\"page\">\n\t\t\t\t<div data-particle_enable=\"false\" data-particle-mobile-disabled=\"false\" class=\"elementor-element elementor-element-2832930 e-flex e-con-boxed e-con e-parent\" data-id=\"2832930\" data-element_type=\"container\" data-settings=\"{&quot;jet_parallax_layout_list&quot;:[]}\">\n\t\t\t\t\t<div class=\"e-con-inner\">\n\t\t\t\t<div class=\"elementor-element elementor-element-4ebfec8 elementor-widget elementor-widget-wpml-language-switcher\" data-id=\"4ebfec8\" data-element_type=\"widget\" data-widget_type=\"wpml-language-switcher.default\">\n\t\t\t\t<div class=\"elementor-widget-container\">\n\t\t\t\t\t<div class=\"wpml-elementor-ls\">\n<div class=\"wpml-ls-statics-shortcode_actions wpml-ls wpml-ls-legacy-list-horizontal\">\n\t<ul role=\"menu\"><li class=\"wpml-ls-slot-shortcode_actions wpml-ls-item wpml-ls-item-nl wpml-ls-first-item wpml-ls-item-legacy-list-horizontal\" role=\"none\">\n\t\t\t\t<a href=\"https:\/\/ahulrestaurante.com\/nl\/\" class=\"wpml-ls-link\" role=\"menuitem\"  aria-label=\"Cambiar a Holand\u00e9s\" title=\"Cambiar a Holand\u00e9s\" >\n                                                        <img decoding=\"async\"\n            class=\"wpml-ls-flag\"\n            src=\"https:\/\/ahulrestaurante.com\/wp-content\/plugins\/sitepress-multilingual-cms\/res\/flags\/nl.svg\"\n            alt=\"Holand\u00e9s\"\n            width=18\n            height=12\n    \/><\/a>\n\t\t\t<\/li><li class=\"wpml-ls-slot-shortcode_actions wpml-ls-item wpml-ls-item-en wpml-ls-item-legacy-list-horizontal\" role=\"none\">\n\t\t\t\t<a href=\"https:\/\/ahulrestaurante.com\/\" class=\"wpml-ls-link\" role=\"menuitem\"  aria-label=\"Cambiar a Ingl\u00e9s\" title=\"Cambiar a Ingl\u00e9s\" >\n                                                        <img decoding=\"async\"\n            class=\"wpml-ls-flag\"\n            src=\"https:\/\/ahulrestaurante.com\/wp-content\/plugins\/sitepress-multilingual-cms\/res\/flags\/en.svg\"\n            alt=\"Ingl\u00e9s\"\n            width=18\n            height=12\n    \/><\/a>\n\t\t\t<\/li><li class=\"wpml-ls-slot-shortcode_actions wpml-ls-item wpml-ls-item-fr wpml-ls-item-legacy-list-horizontal\" role=\"none\">\n\t\t\t\t<a href=\"https:\/\/ahulrestaurante.com\/fr\/\" class=\"wpml-ls-link\" role=\"menuitem\"  aria-label=\"Cambiar a Franc\u00e9s\" title=\"Cambiar a Franc\u00e9s\" >\n                                                        <img decoding=\"async\"\n            class=\"wpml-ls-flag\"\n            src=\"https:\/\/ahulrestaurante.com\/wp-content\/plugins\/sitepress-multilingual-cms\/res\/flags\/fr.svg\"\n            alt=\"Franc\u00e9s\"\n            width=18\n            height=12\n    \/><\/a>\n\t\t\t<\/li><li class=\"wpml-ls-slot-shortcode_actions wpml-ls-item wpml-ls-item-de wpml-ls-item-legacy-list-horizontal\" role=\"none\">\n\t\t\t\t<a href=\"https:\/\/ahulrestaurante.com\/de\/\" class=\"wpml-ls-link\" role=\"menuitem\"  aria-label=\"Cambiar a Alem\u00e1n\" title=\"Cambiar a Alem\u00e1n\" >\n                                                        <img decoding=\"async\"\n            class=\"wpml-ls-flag\"\n            src=\"https:\/\/ahulrestaurante.com\/wp-content\/plugins\/sitepress-multilingual-cms\/res\/flags\/de.svg\"\n            alt=\"Alem\u00e1n\"\n            width=18\n            height=12\n    \/><\/a>\n\t\t\t<\/li><li class=\"wpml-ls-slot-shortcode_actions wpml-ls-item wpml-ls-item-no wpml-ls-item-legacy-list-horizontal\" role=\"none\">\n\t\t\t\t<a href=\"https:\/\/ahulrestaurante.com\/no\/\" class=\"wpml-ls-link\" role=\"menuitem\"  aria-label=\"Cambiar a Bokm\u00e5l\" title=\"Cambiar a Bokm\u00e5l\" >\n                                                        <img decoding=\"async\"\n            class=\"wpml-ls-flag\"\n            src=\"https:\/\/ahulrestaurante.com\/wp-content\/plugins\/sitepress-multilingual-cms\/res\/flags\/no.svg\"\n            alt=\"Bokm\u00e5l\"\n            width=18\n            height=12\n    \/><\/a>\n\t\t\t<\/li><li class=\"wpml-ls-slot-shortcode_actions wpml-ls-item wpml-ls-item-es wpml-ls-current-language wpml-ls-item-legacy-list-horizontal\" role=\"none\">\n\t\t\t\t<a href=\"https:\/\/ahulrestaurante.com\/es\/\" class=\"wpml-ls-link\" role=\"menuitem\" >\n                                                        <img decoding=\"async\"\n            class=\"wpml-ls-flag\"\n            src=\"https:\/\/ahulrestaurante.com\/wp-content\/plugins\/sitepress-multilingual-cms\/res\/flags\/es.svg\"\n            alt=\"Espa\u00f1ol\"\n            width=18\n            height=12\n    \/><\/a>\n\t\t\t<\/li><li class=\"wpml-ls-slot-shortcode_actions wpml-ls-item wpml-ls-item-da wpml-ls-item-legacy-list-horizontal\" role=\"none\">\n\t\t\t\t<a href=\"https:\/\/ahulrestaurante.com\/da\/\" class=\"wpml-ls-link\" role=\"menuitem\"  aria-label=\"Cambiar a Dan\u00e9s\" title=\"Cambiar a Dan\u00e9s\" >\n                                                        <img decoding=\"async\"\n            class=\"wpml-ls-flag\"\n            src=\"https:\/\/ahulrestaurante.com\/wp-content\/plugins\/sitepress-multilingual-cms\/res\/flags\/da.svg\"\n            alt=\"Dan\u00e9s\"\n            width=18\n            height=12\n    \/><\/a>\n\t\t\t<\/li><li class=\"wpml-ls-slot-shortcode_actions wpml-ls-item wpml-ls-item-fi wpml-ls-item-legacy-list-horizontal\" role=\"none\">\n\t\t\t\t<a href=\"https:\/\/ahulrestaurante.com\/fi\/\" class=\"wpml-ls-link\" role=\"menuitem\"  aria-label=\"Cambiar a Finland\u00e9s\" title=\"Cambiar a Finland\u00e9s\" >\n                                                        <img decoding=\"async\"\n            class=\"wpml-ls-flag\"\n            src=\"https:\/\/ahulrestaurante.com\/wp-content\/plugins\/sitepress-multilingual-cms\/res\/flags\/fi.svg\"\n            alt=\"Finland\u00e9s\"\n            width=18\n            height=12\n    \/><\/a>\n\t\t\t<\/li><li class=\"wpml-ls-slot-shortcode_actions wpml-ls-item wpml-ls-item-it wpml-ls-item-legacy-list-horizontal\" role=\"none\">\n\t\t\t\t<a href=\"https:\/\/ahulrestaurante.com\/it\/\" class=\"wpml-ls-link\" role=\"menuitem\"  aria-label=\"Cambiar a Italiano\" title=\"Cambiar a Italiano\" >\n                                                        <img decoding=\"async\"\n            class=\"wpml-ls-flag\"\n            src=\"https:\/\/ahulrestaurante.com\/wp-content\/plugins\/sitepress-multilingual-cms\/res\/flags\/it.svg\"\n            alt=\"Italiano\"\n            width=18\n            height=12\n    \/><\/a>\n\t\t\t<\/li><li class=\"wpml-ls-slot-shortcode_actions wpml-ls-item wpml-ls-item-sv wpml-ls-last-item wpml-ls-item-legacy-list-horizontal\" role=\"none\">\n\t\t\t\t<a href=\"https:\/\/ahulrestaurante.com\/sv\/\" class=\"wpml-ls-link\" role=\"menuitem\"  aria-label=\"Cambiar a Sueco\" title=\"Cambiar a Sueco\" >\n                                                        <img decoding=\"async\"\n            class=\"wpml-ls-flag\"\n            src=\"https:\/\/ahulrestaurante.com\/wp-content\/plugins\/sitepress-multilingual-cms\/res\/flags\/sv.svg\"\n            alt=\"Sueco\"\n            width=18\n            height=12\n    \/><\/a>\n\t\t\t<\/li><\/ul>\n<\/div>\n<\/div>\t\t\t\t<\/div>\n\t\t\t\t<\/div>\n\t\t\t\t<div class=\"elementor-element elementor-element-8965752 elementor-widget elementor-widget-jet-tabs\" data-id=\"8965752\" data-element_type=\"widget\" data-settings=\"{&quot;tabs_position_mobile&quot;:&quot;top&quot;,&quot;tabs_position&quot;:&quot;top&quot;}\" data-widget_type=\"jet-tabs.default\">\n\t\t\t\t<div class=\"elementor-widget-container\">\n\t\t\t\t\t\n\t\t<div class=\"jet-tabs jet-tabs-position-top jet-tabs-fade-effect \" data-settings=\"{&quot;activeIndex&quot;:0,&quot;event&quot;:&quot;click&quot;,&quot;autoSwitch&quot;:false,&quot;autoSwitchDelay&quot;:3000,&quot;ajaxTemplate&quot;:false,&quot;tabsPosition&quot;:&quot;top&quot;,&quot;switchScrolling&quot;:false,&quot;switchScrollingOffset&quot;:0}\">\n\t\t\t<div class=\"jet-tabs__control-wrapper \" \trole=\"tablist\">\n\t\t\t\t<div id=\"jet-tabs-control-1441\" class=\"jet-tabs__control jet-tabs__control-icon-left elementor-menu-anchor active-tab\" data-tab=\"1\" tabindex=\"0\" role=\"tab\" aria-controls=\"jet-tabs-content-1441\" aria-expanded=\"true\" data-template-id=\"1382\"><div class=\"jet-tabs__control-inner\"><div class=\"jet-tabs__label-text\">Menu 1<\/div><\/div><\/div><div id=\"jet-tabs-control-1442\" class=\"jet-tabs__control jet-tabs__control-icon-left elementor-menu-anchor \" data-tab=\"2\" tabindex=\"0\" role=\"tab\" aria-controls=\"jet-tabs-content-1442\" aria-expanded=\"false\" data-template-id=\"1386\"><div class=\"jet-tabs__control-inner\"><div class=\"jet-tabs__label-text\">Menu 2<\/div><\/div><\/div>\t\t\t<\/div>\n\t\t\t<div class=\"jet-tabs__content-wrapper\">\n\t\t\t\t<div id=\"jet-tabs-content-1441\" class=\"jet-tabs__content active-content\" data-tab=\"1\" role=\"tabpanel\" aria-hidden=\"false\" data-template-id=\"1382\">\t\t<div data-elementor-type=\"page\" data-elementor-id=\"1412\" class=\"elementor elementor-1412 elementor-1382\" data-elementor-post-type=\"elementor_library\">\n\t\t\t\t<div data-particle_enable=\"false\" data-particle-mobile-disabled=\"false\" class=\"elementor-element elementor-element-a74241d e-flex e-con-boxed e-con e-parent\" data-id=\"a74241d\" data-element_type=\"container\" data-settings=\"{&quot;background_background&quot;:&quot;classic&quot;,&quot;jet_parallax_layout_list&quot;:[]}\">\n\t\t\t\t\t<div class=\"e-con-inner\">\n\t\t\t\t<div class=\"elementor-element elementor-element-b34c580 elementor-widget elementor-widget-heading\" data-id=\"b34c580\" data-element_type=\"widget\" data-widget_type=\"heading.default\">\n\t\t\t\t<div class=\"elementor-widget-container\">\n\t\t\t\t\t<h2 class=\"elementor-heading-title elementor-size-default\">Menu 1<\/h2>\t\t\t\t<\/div>\n\t\t\t\t<\/div>\n\t\t\t\t<div class=\"elementor-element elementor-element-a5612b9 elementor-widget elementor-widget-text-editor\" data-id=\"a5612b9\" data-element_type=\"widget\" data-widget_type=\"text-editor.default\">\n\t\t\t\t<div class=\"elementor-widget-container\">\n\t\t\t\t\t\t\t\t\t<p style=\"font-weight: 400;\"><strong>Surtido de quesos y contrastes<\/strong><\/p><p>\u2500\u2500\u2726\u2500\u2500<\/p><p style=\"font-weight: 400;\"><strong>ENTRANTES<\/strong><\/p><p style=\"font-weight: 400;\">Crema de Langosta Trufada<\/p><p style=\"font-weight: 400;\">Tartar de Salm\u00f3n y sus Corales<\/p><p style=\"font-weight: 400;\">Carpaccio de Solomillo<\/p><p style=\"font-weight: 400;\">Pi\u00f1a Salvaje con Langostinos y rociado con perlas de Caviar<\/p><p style=\"font-weight: 400;\">\u2500\u2500\u2726\u2500\u2500<\/p><p style=\"font-weight: 400;\">Sorbete de Mojito con Perlas de la Pasi\u00f3n<\/p><p style=\"font-weight: 400;\">\u2500\u2500\u2726\u2500\u2500<\/p><p style=\"font-weight: 400;\"><strong>PLATO PRINCIPAL<\/strong><\/p><p style=\"font-weight: 400;\"><strong>Papillot de Cherne a las Finas Hierbas<br \/><\/strong>Verduras de temporada y patatas al vapor<\/p><p style=\"font-weight: 400;\"><strong>Popieta de Lenguado al Cava<br \/><\/strong>Verduras de temporada y patatas al vapor<\/p><p style=\"font-weight: 400;\"><strong>Paletilla de Cordero Lechal Asada al Romero<br \/><\/strong>Patatas Criollas y Mini Verduras Trufada<\/p><p style=\"font-weight: 400;\"><strong>Solomillo de Ternera salsa al gusto<br \/><\/strong>Patatas al horno y Mini Verduritas Trufada<\/p><p style=\"font-weight: 400;\"><strong>Langosta Thermidor Crujiente de Parmesano<\/strong><\/p><p style=\"font-weight: 400;\">\u2500\u2500\u2726\u2500\u2500<\/p><p style=\"font-weight: 400;\"><strong>POSTRES<\/strong><\/p><p style=\"font-weight: 400;\">Tarta de Queso Azul<\/p><p style=\"font-weight: 400;\">Semifr\u00edo de Mango<\/p><p style=\"font-weight: 400;\">Milhojas de Hojaldre con Tofe y Frutos Rojos<\/p><p style=\"font-weight: 400;\">Bizcocho Sorpresa<\/p><p style=\"font-weight: 400;\">Copa de N\u00e9ctar Dulce Pedro Ximenez 100% (D.O. Jerez C\u00e1diz, Espa\u00f1a)<\/p>\t\t\t\t\t\t\t\t<\/div>\n\t\t\t\t<\/div>\n\t\t\t\t<div class=\"elementor-element elementor-element-a84e1b5 elementor-widget elementor-widget-heading\" data-id=\"a84e1b5\" data-element_type=\"widget\" data-widget_type=\"heading.default\">\n\t\t\t\t<div class=\"elementor-widget-container\">\n\t\t\t\t\t<h2 class=\"elementor-heading-title elementor-size-default\">120\u20ac<\/h2>\t\t\t\t<\/div>\n\t\t\t\t<\/div>\n\t\t\t\t\t<\/div>\n\t\t\t\t<\/div>\n\t\t\t\t<\/div>\n\t\t<\/div><div id=\"jet-tabs-content-1442\" class=\"jet-tabs__content \" data-tab=\"2\" role=\"tabpanel\" aria-hidden=\"true\" data-template-id=\"1386\">\t\t<div data-elementor-type=\"page\" data-elementor-id=\"1420\" class=\"elementor elementor-1420 elementor-1386\" data-elementor-post-type=\"elementor_library\">\n\t\t\t\t<div data-particle_enable=\"false\" data-particle-mobile-disabled=\"false\" class=\"elementor-element elementor-element-a74241d e-flex e-con-boxed e-con e-parent\" data-id=\"a74241d\" data-element_type=\"container\" data-settings=\"{&quot;background_background&quot;:&quot;classic&quot;,&quot;jet_parallax_layout_list&quot;:[]}\">\n\t\t\t\t\t<div class=\"e-con-inner\">\n\t\t\t\t<div class=\"elementor-element elementor-element-b34c580 elementor-widget elementor-widget-heading\" data-id=\"b34c580\" data-element_type=\"widget\" data-widget_type=\"heading.default\">\n\t\t\t\t<div class=\"elementor-widget-container\">\n\t\t\t\t\t<h2 class=\"elementor-heading-title elementor-size-default\">Menu 2<\/h2>\t\t\t\t<\/div>\n\t\t\t\t<\/div>\n\t\t\t\t<div class=\"elementor-element elementor-element-b4d51ab elementor-widget elementor-widget-text-editor\" data-id=\"b4d51ab\" data-element_type=\"widget\" data-widget_type=\"text-editor.default\">\n\t\t\t\t<div class=\"elementor-widget-container\">\n\t\t\t\t\t\t\t\t\t<p style=\"font-weight: 400;\"><strong>Surtido de quesos y contrastes<\/strong><\/p><p>\u2500\u2500\u2726\u2500\u2500<\/p><p style=\"font-weight: 400;\"><strong>ENTRANTES<\/strong><\/p><p style=\"font-weight: 400;\">Crema de Langosta Trufada<\/p><p style=\"font-weight: 400;\">Tartar de Salm\u00f3n y sus Corales<\/p><p style=\"font-weight: 400;\">Carpaccio de Solomillo<\/p><p style=\"font-weight: 400;\">Pi\u00f1a Salvaje con Langostinos y rociado con perlas de Caviar<\/p><p style=\"font-weight: 400;\">\u2500\u2500\u2726\u2500\u2500<\/p><p style=\"font-weight: 400;\">Sorbete de Mojito con Perlas de la Pasi\u00f3n<\/p><p style=\"font-weight: 400;\">\u2500\u2500\u2726\u2500\u2500<\/p><p style=\"font-weight: 400;\"><strong>PLATO PRINCIPAL<\/strong><\/p><p style=\"font-weight: 400;\"><strong>Papillot de Cherne a las Finas Hierbas<br \/><\/strong>Verduras de temporada y patatas al vapor<\/p><p style=\"font-weight: 400;\"><strong>Popieta de Lenguado al Cava<br \/><\/strong>Verduras de temporada y patatas al vapor<\/p><p style=\"font-weight: 400;\"><strong>Paletilla de Cordero Lechal Asada al Romero<br \/><\/strong>Patatas Criollas y Mini Verduras Trufada<\/p><p style=\"font-weight: 400;\"><strong>Solomillo de Ternera salsa al gusto<br \/><\/strong>Patatas al horno y Mini Verduritas Trufada<\/p><p style=\"font-weight: 400;\"><strong>Langosta Thermidor Crujiente de Parmesano<\/strong><\/p><p style=\"font-weight: 400;\">\u2500\u2500\u2726\u2500\u2500<\/p><p style=\"font-weight: 400;\"><strong>POSTRES<\/strong><\/p><p style=\"font-weight: 400;\">Tarta de Queso Azul<\/p><p style=\"font-weight: 400;\">Semifr\u00edo de Mango<\/p><p style=\"font-weight: 400;\">Milhojas de Hojaldre con Tofe y Frutos Rojos<\/p><p style=\"font-weight: 400;\">Bizcocho Sorpresa<\/p><p style=\"font-weight: 400;\">Copa de N\u00e9ctar Dulce Pedro Ximenez 100% (D.O. Jerez C\u00e1diz, Espa\u00f1a)<\/p>\t\t\t\t\t\t\t\t<\/div>\n\t\t\t\t<\/div>\n\t\t\t\t<div class=\"elementor-element elementor-element-f99096c elementor-widget elementor-widget-text-editor\" data-id=\"f99096c\" data-element_type=\"widget\" data-widget_type=\"text-editor.default\">\n\t\t\t\t<div class=\"elementor-widget-container\">\n\t\t\t\t\t\t\t\t\t<p class=\"p1\"><b>\u2500\u2500\u2726\u2500\u2500<\/b><\/p><p class=\"p1\"><b>BEBIDAS<\/b><b><\/b><\/p><p style=\"font-weight: 400;\">Vino blanco y\u00a0 tinto<\/p><p style=\"font-weight: 400;\">Blanco Palomo Cojo y Tinto Figuero Crianza<\/p><p style=\"font-weight: 400;\">1 Copa de Champan Franc\u00e9s<\/p><p style=\"font-weight: 400;\">Cotill\u00f3n y uvas de la suerte<\/p>\t\t\t\t\t\t\t\t<\/div>\n\t\t\t\t<\/div>\n\t\t\t\t<div class=\"elementor-element elementor-element-42268b3 elementor-widget elementor-widget-heading\" data-id=\"42268b3\" data-element_type=\"widget\" data-widget_type=\"heading.default\">\n\t\t\t\t<div class=\"elementor-widget-container\">\n\t\t\t\t\t<h2 class=\"elementor-heading-title elementor-size-default\">160\u20ac<\/h2>\t\t\t\t<\/div>\n\t\t\t\t<\/div>\n\t\t\t\t\t<\/div>\n\t\t\t\t<\/div>\n\t\t\t\t<\/div>\n\t\t<\/div>\t\t\t<\/div>\n\t\t<\/div>\n\t\t\t\t\t\t<\/div>\n\t\t\t\t<\/div>\n\t\t\t\t\t<\/div>\n\t\t\t\t<\/div>\n\t\t\t\t<\/div>\n\t\t","protected":false},"excerpt":{"rendered":"<p>Menu 1Menu 2 Menu 1 Assortment of Cheeses and Pairings \u2500\u2500\u2726\u2500\u2500 STARTERS Lobster Cream Soup Red Tuna Tartare Beef Tenderloin Carpaccio Cold Prawns with Two Sauces \u2500\u2500\u2726\u2500\u2500 Lemon Sorbet \u2500\u2500\u2726\u2500\u2500 MAIN COURSE Cherne Loin Chef\u2019s StyleServed with basil sauce, creamy potatoes, and a slice of lemon Herb-Crusted SalmonServed with creamy potatoes and a slice of [&hellip;]<\/p>\n","protected":false},"author":1,"featured_media":0,"parent":0,"menu_order":0,"comment_status":"closed","ping_status":"closed","template":"elementor_header_footer","meta":{"footnotes":""},"class_list":["post-1447","page","type-page","status-publish","hentry"],"_links":{"self":[{"href":"https:\/\/ahulrestaurante.com\/es\/wp-json\/wp\/v2\/pages\/1447","targetHints":{"allow":["GET"]}}],"collection":[{"href":"https:\/\/ahulrestaurante.com\/es\/wp-json\/wp\/v2\/pages"}],"about":[{"href":"https:\/\/ahulrestaurante.com\/es\/wp-json\/wp\/v2\/types\/page"}],"author":[{"embeddable":true,"href":"https:\/\/ahulrestaurante.com\/es\/wp-json\/wp\/v2\/users\/1"}],"replies":[{"embeddable":true,"href":"https:\/\/ahulrestaurante.com\/es\/wp-json\/wp\/v2\/comments?post=1447"}],"version-history":[{"count":7,"href":"https:\/\/ahulrestaurante.com\/es\/wp-json\/wp\/v2\/pages\/1447\/revisions"}],"predecessor-version":[{"id":1473,"href":"https:\/\/ahulrestaurante.com\/es\/wp-json\/wp\/v2\/pages\/1447\/revisions\/1473"}],"wp:attachment":[{"href":"https:\/\/ahulrestaurante.com\/es\/wp-json\/wp\/v2\/media?parent=1447"}],"curies":[{"name":"wp","href":"https:\/\/api.w.org\/{rel}","templated":true}]}}