{"id":1446,"date":"2024-12-04T14:03:58","date_gmt":"2024-12-04T14:03:58","guid":{"rendered":"https:\/\/ahulrestaurante.com\/festive-menu\/"},"modified":"2024-12-04T15:25:12","modified_gmt":"2024-12-04T15:25:12","slug":"festive-menu","status":"publish","type":"page","link":"https:\/\/ahulrestaurante.com\/no\/festive-menu\/","title":{"rendered":"Festive Menu"},"content":{"rendered":"\t\t<div data-elementor-type=\"wp-page\" data-elementor-id=\"1446\" class=\"elementor elementor-1446 elementor-1394\" data-elementor-post-type=\"page\">\n\t\t\t\t<div data-particle_enable=\"false\" data-particle-mobile-disabled=\"false\" class=\"elementor-element elementor-element-2832930 e-flex e-con-boxed e-con e-parent\" data-id=\"2832930\" data-element_type=\"container\" data-settings=\"{&quot;jet_parallax_layout_list&quot;:[]}\">\n\t\t\t\t\t<div class=\"e-con-inner\">\n\t\t\t\t<div class=\"elementor-element elementor-element-4ebfec8 elementor-widget elementor-widget-wpml-language-switcher\" data-id=\"4ebfec8\" data-element_type=\"widget\" data-widget_type=\"wpml-language-switcher.default\">\n\t\t\t\t<div class=\"elementor-widget-container\">\n\t\t\t\t\t<div class=\"wpml-elementor-ls\">\n<div class=\"wpml-ls-statics-shortcode_actions wpml-ls wpml-ls-legacy-list-horizontal\">\n\t<ul role=\"menu\"><li class=\"wpml-ls-slot-shortcode_actions wpml-ls-item wpml-ls-item-nl wpml-ls-first-item wpml-ls-item-legacy-list-horizontal\" role=\"none\">\n\t\t\t\t<a href=\"https:\/\/ahulrestaurante.com\/nl\/\" class=\"wpml-ls-link\" role=\"menuitem\"  aria-label=\"Switch to Nederlandsk\" title=\"Switch to Nederlandsk\" >\n                                                        <img decoding=\"async\"\n            class=\"wpml-ls-flag\"\n            src=\"https:\/\/ahulrestaurante.com\/wp-content\/plugins\/sitepress-multilingual-cms\/res\/flags\/nl.svg\"\n            alt=\"Nederlandsk\"\n            width=18\n            height=12\n    \/><\/a>\n\t\t\t<\/li><li class=\"wpml-ls-slot-shortcode_actions wpml-ls-item wpml-ls-item-en wpml-ls-item-legacy-list-horizontal\" role=\"none\">\n\t\t\t\t<a href=\"https:\/\/ahulrestaurante.com\/\" class=\"wpml-ls-link\" role=\"menuitem\"  aria-label=\"Switch to Engelsk\" title=\"Switch to Engelsk\" >\n                                                        <img decoding=\"async\"\n            class=\"wpml-ls-flag\"\n            src=\"https:\/\/ahulrestaurante.com\/wp-content\/plugins\/sitepress-multilingual-cms\/res\/flags\/en.svg\"\n            alt=\"Engelsk\"\n            width=18\n            height=12\n    \/><\/a>\n\t\t\t<\/li><li class=\"wpml-ls-slot-shortcode_actions wpml-ls-item wpml-ls-item-fr wpml-ls-item-legacy-list-horizontal\" role=\"none\">\n\t\t\t\t<a href=\"https:\/\/ahulrestaurante.com\/fr\/\" class=\"wpml-ls-link\" role=\"menuitem\"  aria-label=\"Switch to Fransk\" title=\"Switch to Fransk\" >\n                                                        <img decoding=\"async\"\n            class=\"wpml-ls-flag\"\n            src=\"https:\/\/ahulrestaurante.com\/wp-content\/plugins\/sitepress-multilingual-cms\/res\/flags\/fr.svg\"\n            alt=\"Fransk\"\n            width=18\n            height=12\n    \/><\/a>\n\t\t\t<\/li><li class=\"wpml-ls-slot-shortcode_actions wpml-ls-item wpml-ls-item-de wpml-ls-item-legacy-list-horizontal\" role=\"none\">\n\t\t\t\t<a href=\"https:\/\/ahulrestaurante.com\/de\/\" class=\"wpml-ls-link\" role=\"menuitem\"  aria-label=\"Switch to Tysk\" title=\"Switch to Tysk\" >\n                                                        <img decoding=\"async\"\n            class=\"wpml-ls-flag\"\n            src=\"https:\/\/ahulrestaurante.com\/wp-content\/plugins\/sitepress-multilingual-cms\/res\/flags\/de.svg\"\n            alt=\"Tysk\"\n            width=18\n            height=12\n    \/><\/a>\n\t\t\t<\/li><li class=\"wpml-ls-slot-shortcode_actions wpml-ls-item wpml-ls-item-no wpml-ls-current-language wpml-ls-item-legacy-list-horizontal\" role=\"none\">\n\t\t\t\t<a href=\"https:\/\/ahulrestaurante.com\/no\/\" class=\"wpml-ls-link\" role=\"menuitem\" >\n                                                        <img decoding=\"async\"\n            class=\"wpml-ls-flag\"\n            src=\"https:\/\/ahulrestaurante.com\/wp-content\/plugins\/sitepress-multilingual-cms\/res\/flags\/no.svg\"\n            alt=\"Norsk bokm\u00e5l\"\n            width=18\n            height=12\n    \/><\/a>\n\t\t\t<\/li><li class=\"wpml-ls-slot-shortcode_actions wpml-ls-item wpml-ls-item-es wpml-ls-item-legacy-list-horizontal\" role=\"none\">\n\t\t\t\t<a href=\"https:\/\/ahulrestaurante.com\/es\/\" class=\"wpml-ls-link\" role=\"menuitem\"  aria-label=\"Switch to Spansk\" title=\"Switch to Spansk\" >\n                                                        <img decoding=\"async\"\n            class=\"wpml-ls-flag\"\n            src=\"https:\/\/ahulrestaurante.com\/wp-content\/plugins\/sitepress-multilingual-cms\/res\/flags\/es.svg\"\n            alt=\"Spansk\"\n            width=18\n            height=12\n    \/><\/a>\n\t\t\t<\/li><li class=\"wpml-ls-slot-shortcode_actions wpml-ls-item wpml-ls-item-da wpml-ls-item-legacy-list-horizontal\" role=\"none\">\n\t\t\t\t<a href=\"https:\/\/ahulrestaurante.com\/da\/\" class=\"wpml-ls-link\" role=\"menuitem\"  aria-label=\"Switch to Danish\" title=\"Switch to Danish\" >\n                                                        <img decoding=\"async\"\n            class=\"wpml-ls-flag\"\n            src=\"https:\/\/ahulrestaurante.com\/wp-content\/plugins\/sitepress-multilingual-cms\/res\/flags\/da.svg\"\n            alt=\"Danish\"\n            width=18\n            height=12\n    \/><\/a>\n\t\t\t<\/li><li class=\"wpml-ls-slot-shortcode_actions wpml-ls-item wpml-ls-item-fi wpml-ls-item-legacy-list-horizontal\" role=\"none\">\n\t\t\t\t<a href=\"https:\/\/ahulrestaurante.com\/fi\/\" class=\"wpml-ls-link\" role=\"menuitem\"  aria-label=\"Switch to Finsk\" title=\"Switch to Finsk\" >\n                                                        <img decoding=\"async\"\n            class=\"wpml-ls-flag\"\n            src=\"https:\/\/ahulrestaurante.com\/wp-content\/plugins\/sitepress-multilingual-cms\/res\/flags\/fi.svg\"\n            alt=\"Finsk\"\n            width=18\n            height=12\n    \/><\/a>\n\t\t\t<\/li><li class=\"wpml-ls-slot-shortcode_actions wpml-ls-item wpml-ls-item-it wpml-ls-item-legacy-list-horizontal\" role=\"none\">\n\t\t\t\t<a href=\"https:\/\/ahulrestaurante.com\/it\/\" class=\"wpml-ls-link\" role=\"menuitem\"  aria-label=\"Switch to Italiensk\" title=\"Switch to Italiensk\" >\n                                                        <img decoding=\"async\"\n            class=\"wpml-ls-flag\"\n            src=\"https:\/\/ahulrestaurante.com\/wp-content\/plugins\/sitepress-multilingual-cms\/res\/flags\/it.svg\"\n            alt=\"Italiensk\"\n            width=18\n            height=12\n    \/><\/a>\n\t\t\t<\/li><li class=\"wpml-ls-slot-shortcode_actions wpml-ls-item wpml-ls-item-sv wpml-ls-last-item wpml-ls-item-legacy-list-horizontal\" role=\"none\">\n\t\t\t\t<a href=\"https:\/\/ahulrestaurante.com\/sv\/\" class=\"wpml-ls-link\" role=\"menuitem\"  aria-label=\"Switch to Swedish\" title=\"Switch to Swedish\" >\n                                                        <img decoding=\"async\"\n            class=\"wpml-ls-flag\"\n            src=\"https:\/\/ahulrestaurante.com\/wp-content\/plugins\/sitepress-multilingual-cms\/res\/flags\/sv.svg\"\n            alt=\"Swedish\"\n            width=18\n            height=12\n    \/><\/a>\n\t\t\t<\/li><\/ul>\n<\/div>\n<\/div>\t\t\t\t<\/div>\n\t\t\t\t<\/div>\n\t\t\t\t<div class=\"elementor-element elementor-element-8965752 elementor-widget elementor-widget-jet-tabs\" data-id=\"8965752\" data-element_type=\"widget\" data-settings=\"{&quot;tabs_position_mobile&quot;:&quot;top&quot;,&quot;tabs_position&quot;:&quot;top&quot;}\" data-widget_type=\"jet-tabs.default\">\n\t\t\t\t<div class=\"elementor-widget-container\">\n\t\t\t\t\t\n\t\t<div class=\"jet-tabs jet-tabs-position-top jet-tabs-fade-effect \" data-settings=\"{&quot;activeIndex&quot;:0,&quot;event&quot;:&quot;click&quot;,&quot;autoSwitch&quot;:false,&quot;autoSwitchDelay&quot;:3000,&quot;ajaxTemplate&quot;:false,&quot;tabsPosition&quot;:&quot;top&quot;,&quot;switchScrolling&quot;:false,&quot;switchScrollingOffset&quot;:0}\">\n\t\t\t<div class=\"jet-tabs__control-wrapper \" \trole=\"tablist\">\n\t\t\t\t<div id=\"jet-tabs-control-1441\" class=\"jet-tabs__control jet-tabs__control-icon-left elementor-menu-anchor active-tab\" data-tab=\"1\" tabindex=\"0\" role=\"tab\" aria-controls=\"jet-tabs-content-1441\" aria-expanded=\"true\" data-template-id=\"1382\"><div class=\"jet-tabs__control-inner\"><div class=\"jet-tabs__label-text\">Menu 1<\/div><\/div><\/div><div id=\"jet-tabs-control-1442\" class=\"jet-tabs__control jet-tabs__control-icon-left elementor-menu-anchor \" data-tab=\"2\" tabindex=\"0\" role=\"tab\" aria-controls=\"jet-tabs-content-1442\" aria-expanded=\"false\" data-template-id=\"1386\"><div class=\"jet-tabs__control-inner\"><div class=\"jet-tabs__label-text\">Menu 2<\/div><\/div><\/div>\t\t\t<\/div>\n\t\t\t<div class=\"jet-tabs__content-wrapper\">\n\t\t\t\t<div id=\"jet-tabs-content-1441\" class=\"jet-tabs__content active-content\" data-tab=\"1\" role=\"tabpanel\" aria-hidden=\"false\" data-template-id=\"1382\">\t\t<div data-elementor-type=\"page\" data-elementor-id=\"1411\" class=\"elementor elementor-1411 elementor-1382\" data-elementor-post-type=\"elementor_library\">\n\t\t\t\t<div data-particle_enable=\"false\" data-particle-mobile-disabled=\"false\" class=\"elementor-element elementor-element-a74241d e-flex e-con-boxed e-con e-parent\" data-id=\"a74241d\" data-element_type=\"container\" data-settings=\"{&quot;background_background&quot;:&quot;classic&quot;,&quot;jet_parallax_layout_list&quot;:[]}\">\n\t\t\t\t\t<div class=\"e-con-inner\">\n\t\t\t\t<div class=\"elementor-element elementor-element-b34c580 elementor-widget elementor-widget-heading\" data-id=\"b34c580\" data-element_type=\"widget\" data-widget_type=\"heading.default\">\n\t\t\t\t<div class=\"elementor-widget-container\">\n\t\t\t\t\t<h2 class=\"elementor-heading-title elementor-size-default\">Menu 1<\/h2>\t\t\t\t<\/div>\n\t\t\t\t<\/div>\n\t\t\t\t<div class=\"elementor-element elementor-element-6236a64 elementor-widget elementor-widget-text-editor\" data-id=\"6236a64\" data-element_type=\"widget\" data-widget_type=\"text-editor.default\">\n\t\t\t\t<div class=\"elementor-widget-container\">\n\t\t\t\t\t\t\t\t\t<p class=\"p1\"><b>Utvalg av Oster og Tilbeh\u00f8r<\/b><\/p><p>\u2500\u2500\u2726\u2500\u2500<\/p><p class=\"p1\"><b>FORRETTER<\/b><b><\/b><\/p><p class=\"p1\">Tr\u00f8ffel Hummerkrem<\/p><p class=\"p1\">Lakse-tartar med koraller<\/p><p class=\"p1\">Carpaccio av Oksefilet<\/p><p class=\"p1\">Vill ananas med reker toppet med kaviarkuler<\/p><p>\u2500\u2500\u2726\u2500\u2500<\/p><p class=\"p1\">Mojito-sorbet med pasjonsfruktperler<\/p><p>\u2500\u2500\u2726\u2500\u2500<\/p><p class=\"p1\"><b>HOVEDRETTER<\/b><b><\/b><\/p><p class=\"p1\">Papillote av Cherne med Urter<br \/>Sesongens gr\u00f8nnsaker og dampede poteter<\/p><p class=\"p1\">Rull av R\u00f8dspette i Cava-saus<br \/>Sesongens gr\u00f8nnsaker og dampede poteter<\/p><p class=\"p1\">Stekt Lammekj\u00f8tt med Rosmarin<br \/>Criolla-poteter og sm\u00e5 tr\u00f8ffelgr\u00f8nnsaker<\/p><p class=\"p1\">Oksefilet med saus etter valg<br \/>Ovnsbakte poteter og sm\u00e5 tr\u00f8ffelgr\u00f8nnsaker<\/p><p class=\"p1\">Termidor-hummer med Parmesan-crisp<\/p><p>\u2500\u2500\u2726\u2500\u2500<\/p><p class=\"p1\"><b>DESSERTER<\/b><b><\/b><\/p><p class=\"p1\">Bl\u00e5muggost-kake<\/p><p class=\"p1\">Mango-semifreddo<\/p><p class=\"p1\">Butterdeig-millefeuille med karamell og r\u00f8de b\u00e6r<\/p><p class=\"p1\">Overraskelseskake<\/p><p class=\"p1\">Glass med s\u00f8t Pedro Ximenez-nectar (D.O. Jerez C\u00e1diz, Spania)<\/p>\t\t\t\t\t\t\t\t<\/div>\n\t\t\t\t<\/div>\n\t\t\t\t<div class=\"elementor-element elementor-element-e59011a elementor-widget elementor-widget-heading\" data-id=\"e59011a\" data-element_type=\"widget\" data-widget_type=\"heading.default\">\n\t\t\t\t<div class=\"elementor-widget-container\">\n\t\t\t\t\t<h2 class=\"elementor-heading-title elementor-size-default\">120\u20ac<\/h2>\t\t\t\t<\/div>\n\t\t\t\t<\/div>\n\t\t\t\t\t<\/div>\n\t\t\t\t<\/div>\n\t\t\t\t<\/div>\n\t\t<\/div><div id=\"jet-tabs-content-1442\" class=\"jet-tabs__content \" data-tab=\"2\" role=\"tabpanel\" aria-hidden=\"true\" data-template-id=\"1386\">\t\t<div data-elementor-type=\"page\" data-elementor-id=\"1419\" class=\"elementor elementor-1419 elementor-1386\" data-elementor-post-type=\"elementor_library\">\n\t\t\t\t<div data-particle_enable=\"false\" data-particle-mobile-disabled=\"false\" class=\"elementor-element elementor-element-a74241d e-flex e-con-boxed e-con e-parent\" data-id=\"a74241d\" data-element_type=\"container\" data-settings=\"{&quot;background_background&quot;:&quot;classic&quot;,&quot;jet_parallax_layout_list&quot;:[]}\">\n\t\t\t\t\t<div class=\"e-con-inner\">\n\t\t\t\t<div class=\"elementor-element elementor-element-b34c580 elementor-widget elementor-widget-heading\" data-id=\"b34c580\" data-element_type=\"widget\" data-widget_type=\"heading.default\">\n\t\t\t\t<div class=\"elementor-widget-container\">\n\t\t\t\t\t<h2 class=\"elementor-heading-title elementor-size-default\">Menu 2<\/h2>\t\t\t\t<\/div>\n\t\t\t\t<\/div>\n\t\t\t\t<div class=\"elementor-element elementor-element-020fb85 elementor-widget elementor-widget-text-editor\" data-id=\"020fb85\" data-element_type=\"widget\" data-widget_type=\"text-editor.default\">\n\t\t\t\t<div class=\"elementor-widget-container\">\n\t\t\t\t\t\t\t\t\t<p class=\"p1\"><b>Utvalg av Oster og Tilbeh\u00f8r<\/b><\/p><p>\u2500\u2500\u2726\u2500\u2500<\/p><p class=\"p1\"><b>FORRETTER<\/b><b><\/b><\/p><p class=\"p1\">Tr\u00f8ffel Hummerkrem<\/p><p class=\"p1\">Lakse-tartar med koraller<\/p><p class=\"p1\">Carpaccio av Oksefilet<\/p><p class=\"p1\">Vill ananas med reker toppet med kaviarkuler<\/p><p>\u2500\u2500\u2726\u2500\u2500<\/p><p class=\"p1\">Mojito-sorbet med pasjonsfruktperler<\/p><p>\u2500\u2500\u2726\u2500\u2500<\/p><p class=\"p1\"><b>HOVEDRETTER<\/b><b><\/b><\/p><p class=\"p1\">Papillote av Cherne med Urter<br \/>Sesongens gr\u00f8nnsaker og dampede poteter<\/p><p class=\"p1\">Rull av R\u00f8dspette i Cava-saus<br \/>Sesongens gr\u00f8nnsaker og dampede poteter<\/p><p class=\"p1\">Stekt Lammekj\u00f8tt med Rosmarin<br \/>Criolla-poteter og sm\u00e5 tr\u00f8ffelgr\u00f8nnsaker<\/p><p class=\"p1\">Oksefilet med saus etter valg<br \/>Ovnsbakte poteter og sm\u00e5 tr\u00f8ffelgr\u00f8nnsaker<\/p><p class=\"p1\">Termidor-hummer med Parmesan-crisp<\/p><p>\u2500\u2500\u2726\u2500\u2500<\/p><p class=\"p1\"><b>DESSERTER<\/b><b><\/b><\/p><p class=\"p1\">Bl\u00e5muggost-kake<\/p><p class=\"p1\">Mango-semifreddo<\/p><p class=\"p1\">Butterdeig-millefeuille med karamell og r\u00f8de b\u00e6r<\/p><p class=\"p1\">Overraskelseskake<\/p><p class=\"p1\">Glass med s\u00f8t Pedro Ximenez-nectar (D.O. Jerez C\u00e1diz, Spania)<\/p>\t\t\t\t\t\t\t\t<\/div>\n\t\t\t\t<\/div>\n\t\t\t\t<div class=\"elementor-element elementor-element-b390cb6 elementor-widget elementor-widget-text-editor\" data-id=\"b390cb6\" data-element_type=\"widget\" data-widget_type=\"text-editor.default\">\n\t\t\t\t<div class=\"elementor-widget-container\">\n\t\t\t\t\t\t\t\t\t<p class=\"p1\"><b>\u2500\u2500\u2726\u2500\u2500<\/b><\/p><p class=\"p1\"><b>DRAIKKER<\/b><\/p><p class=\"p1\">Hvitvin og r\u00f8dvin<\/p><p class=\"p1\">Hvitvin: Palomo Cojo \/ R\u00f8dvin: Figuero Crianza<\/p><p class=\"p1\">1 glass fransk champagne<\/p><p class=\"p1\">Festenattrekninger og lykkedruer<\/p>\t\t\t\t\t\t\t\t<\/div>\n\t\t\t\t<\/div>\n\t\t\t\t<div class=\"elementor-element elementor-element-81291f2 elementor-widget elementor-widget-heading\" data-id=\"81291f2\" data-element_type=\"widget\" data-widget_type=\"heading.default\">\n\t\t\t\t<div class=\"elementor-widget-container\">\n\t\t\t\t\t<h2 class=\"elementor-heading-title elementor-size-default\">160\u20ac<\/h2>\t\t\t\t<\/div>\n\t\t\t\t<\/div>\n\t\t\t\t\t<\/div>\n\t\t\t\t<\/div>\n\t\t\t\t<\/div>\n\t\t<\/div>\t\t\t<\/div>\n\t\t<\/div>\n\t\t\t\t\t\t<\/div>\n\t\t\t\t<\/div>\n\t\t\t\t\t<\/div>\n\t\t\t\t<\/div>\n\t\t\t\t<\/div>\n\t\t","protected":false},"excerpt":{"rendered":"<p>Menu 1Menu 2 Menu 1 Assortment of Cheeses and Pairings \u2500\u2500\u2726\u2500\u2500 STARTERS Lobster Cream Soup Red Tuna Tartare Beef Tenderloin Carpaccio Cold Prawns with Two Sauces \u2500\u2500\u2726\u2500\u2500 Lemon Sorbet \u2500\u2500\u2726\u2500\u2500 MAIN COURSE Cherne Loin Chef\u2019s StyleServed with basil sauce, creamy potatoes, and a slice of lemon Herb-Crusted SalmonServed with creamy potatoes and a slice of [&hellip;]<\/p>\n","protected":false},"author":1,"featured_media":0,"parent":0,"menu_order":0,"comment_status":"closed","ping_status":"closed","template":"elementor_header_footer","meta":{"footnotes":""},"class_list":["post-1446","page","type-page","status-publish","hentry"],"_links":{"self":[{"href":"https:\/\/ahulrestaurante.com\/no\/wp-json\/wp\/v2\/pages\/1446","targetHints":{"allow":["GET"]}}],"collection":[{"href":"https:\/\/ahulrestaurante.com\/no\/wp-json\/wp\/v2\/pages"}],"about":[{"href":"https:\/\/ahulrestaurante.com\/no\/wp-json\/wp\/v2\/types\/page"}],"author":[{"embeddable":true,"href":"https:\/\/ahulrestaurante.com\/no\/wp-json\/wp\/v2\/users\/1"}],"replies":[{"embeddable":true,"href":"https:\/\/ahulrestaurante.com\/no\/wp-json\/wp\/v2\/comments?post=1446"}],"version-history":[{"count":7,"href":"https:\/\/ahulrestaurante.com\/no\/wp-json\/wp\/v2\/pages\/1446\/revisions"}],"predecessor-version":[{"id":1472,"href":"https:\/\/ahulrestaurante.com\/no\/wp-json\/wp\/v2\/pages\/1446\/revisions\/1472"}],"wp:attachment":[{"href":"https:\/\/ahulrestaurante.com\/no\/wp-json\/wp\/v2\/media?parent=1446"}],"curies":[{"name":"wp","href":"https:\/\/api.w.org\/{rel}","templated":true}]}}